{"id":6,"date":"2020-07-20T22:57:04","date_gmt":"2020-07-20T22:57:04","guid":{"rendered":"http:\/\/127.0.0.1\/wp\/?page_id=6"},"modified":"2025-09-04T00:45:37","modified_gmt":"2025-09-04T00:45:37","slug":"the-new-umoma-opens-its-doors-2","status":"publish","type":"page","link":"https:\/\/fpglobal.ca\/va\/","title":{"rendered":"Bienvenis a #FPGlobal"},"content":{"rendered":"<div class=\"wp-block-group alignwide\">\r\n<div class=\"wp-block-group__inner-container\">\r\n<h2 class=\"has-accent-color has-text-align-center wp-block-heading\">Cen que l\u2019\u00e8 #FPGlobal?<\/h2>\r\n<p><!-- \/wp:post-content --><\/p>\r\n<\/div>\r\n<\/div>\r\n<p><!-- FPGlobal  description --><\/p>\r\n<p><!-- \/wp:group --><\/p>\r\n<p><!-- wp:paragraph {\"dropCap\":true} --><\/p>\r\n<p class=\"has-drop-cap\">Ci site l\u2019\u00e8 et\u00f2 pens\u00f2 per le dzi que llamon predg\u00e9 patou\u00e9 ou que vuolon commenhi\u00e9 \u00e0 lo predg\u00e9. Nouho butte l\u2019\u00e8 de bett\u00e9 eunsemblo de personne avou\u00eb eun \u00e9ritadzo francoproven\u00e7ale que reston den dif\u00e9\u00e8nte partie di mondo.<\/p>\r\n<p>Pe f\u00e9\u00e9 cougneh\u00e9 personne de culture dif\u00e9\u00e8nte, no voulen predg\u00e9 de bague de tcheut le dzor: qu\u00e8sena, spoo, via relijeusa, via de campagne, fameullie, meuseucca ecc.<\/p>\r\n<p>Su lo site te pou trov\u00e9 des resourse, sfide, idoo e bague \u00e0 f\u00e9\u00e9. Pe f\u00e9e eun ezeumplo, te demanden de partag\u00e9, avou\u00eb an fotografie ou an fraze, an idoo ou an conta dan ta variet\u00f2 de patou\u00e9. No voulen bett\u00e9 eunsemblo dzi de tot lo mondo per le f\u00e9e cogn\u00e9ihe e predg\u00e9\u2026.en fracoproven\u00e7ale!<\/p>\r\n<p>Varden e valorizen cetta lenva! Agnaqua su eun de cice drap\u00f2 per commenhi\u00e9:<\/p>\r\n<center><\/center>\r\n<p><!-- Language selection bar --><\/p>\r\n<div class=\"center-images\"><a href=\"http:\/\/www.fpglobal.ca\/en\/\"><img loading=\"lazy\" decoding=\"async\" class=\"alignleft wp-image-148\" src=\"http:\/\/www.fpglobal.ca\/wp-content\/uploads\/2020\/08\/006-canada-150x150.png\" alt=\"\" width=\"70\" height=\"70\" srcset=\"https:\/\/fpglobal.ca\/wp-content\/uploads\/2020\/08\/006-canada-150x150.png 150w, https:\/\/fpglobal.ca\/wp-content\/uploads\/2020\/08\/006-canada-300x300.png 300w, https:\/\/fpglobal.ca\/wp-content\/uploads\/2020\/08\/006-canada.png 512w\" sizes=\"auto, (max-width: 70px) 100vw, 70px\" \/><\/a><br \/><a href=\"http:\/\/www.fpglobal.ca\"><img loading=\"lazy\" decoding=\"async\" class=\"alignleft wp-image-151\" src=\"http:\/\/www.fpglobal.ca\/wp-content\/uploads\/2020\/08\/002-france-1-150x150.png\" alt=\"\" width=\"70\" height=\"70\" srcset=\"https:\/\/fpglobal.ca\/wp-content\/uploads\/2020\/08\/002-france-1-150x150.png 150w, https:\/\/fpglobal.ca\/wp-content\/uploads\/2020\/08\/002-france-1-300x300.png 300w, https:\/\/fpglobal.ca\/wp-content\/uploads\/2020\/08\/002-france-1.png 512w\" sizes=\"auto, (max-width: 70px) 100vw, 70px\" \/><\/a><br \/><a href=\"http:\/\/www.fpglobal.ca\/it\"><img loading=\"lazy\" decoding=\"async\" class=\"alignleft wp-image-150\" src=\"http:\/\/www.fpglobal.ca\/wp-content\/uploads\/2020\/08\/015-italy-150x150.png\" alt=\"\" width=\"70\" height=\"70\" srcset=\"https:\/\/fpglobal.ca\/wp-content\/uploads\/2020\/08\/015-italy-150x150.png 150w, https:\/\/fpglobal.ca\/wp-content\/uploads\/2020\/08\/015-italy-300x300.png 300w, https:\/\/fpglobal.ca\/wp-content\/uploads\/2020\/08\/015-italy.png 512w\" sizes=\"auto, (max-width: 70px) 100vw, 70px\" \/><\/a><br \/><a href=\"http:\/\/www.fpglobal.ca\/sw\"><img loading=\"lazy\" decoding=\"async\" class=\"alignleft wp-image-149\" src=\"http:\/\/www.fpglobal.ca\/wp-content\/uploads\/2020\/08\/010-switzerland-150x150.png\" alt=\"\" width=\"70\" height=\"70\" srcset=\"https:\/\/fpglobal.ca\/wp-content\/uploads\/2020\/08\/010-switzerland-150x150.png 150w, https:\/\/fpglobal.ca\/wp-content\/uploads\/2020\/08\/010-switzerland-300x300.png 300w, https:\/\/fpglobal.ca\/wp-content\/uploads\/2020\/08\/010-switzerland.png 512w\" sizes=\"auto, (max-width: 70px) 100vw, 70px\" \/><\/a><br \/><a href=\"http:\/\/www.fpglobal.ca\/va\"><img loading=\"lazy\" decoding=\"async\" class=\"alignleft wp-image-149\" src=\"http:\/\/www.fpglobal.ca\/wp-content\/uploads\/2020\/08\/valledosta-150x150.png\" alt=\"\" width=\"70\" height=\"70\" \/><\/a><br \/><a href=\"http:\/\/www.fpglobal.ca\/ft\"><img loading=\"lazy\" decoding=\"async\" class=\"alignleft wp-image-149\" src=\"http:\/\/www.fpglobal.ca\/wp-content\/uploads\/2020\/08\/4-150x150.png\" alt=\"\" width=\"70\" height=\"70\" \/><\/a><\/div>\r\n<p><!-- \/wp:group --><\/p>\r\n<p><!-- wp:columns {\"align\":\"wide\"} --><\/p>\r\n<div class=\"wp-block-columns alignwide\">\r\n<div class=\"wp-block-column\">\r\n<div class=\"wp-block-group\">\r\n<div class=\"wp-block-group__inner-container\">\r\n<figure class=\"wp-block-image alignfull size-full\"><img loading=\"lazy\" decoding=\"async\" class=\"alignnone size-full wp-image-307\" src=\"http:\/\/fpglobal.ca\/wp-content\/uploads\/2020\/09\/tG3Xwd6w.jpeg\" alt=\"\" width=\"2016\" height=\"1512\" srcset=\"https:\/\/fpglobal.ca\/wp-content\/uploads\/2020\/09\/tG3Xwd6w.jpeg 2016w, https:\/\/fpglobal.ca\/wp-content\/uploads\/2020\/09\/tG3Xwd6w-300x225.jpeg 300w, https:\/\/fpglobal.ca\/wp-content\/uploads\/2020\/09\/tG3Xwd6w-1024x768.jpeg 1024w, https:\/\/fpglobal.ca\/wp-content\/uploads\/2020\/09\/tG3Xwd6w-768x576.jpeg 768w, https:\/\/fpglobal.ca\/wp-content\/uploads\/2020\/09\/tG3Xwd6w-1536x1152.jpeg 1536w, https:\/\/fpglobal.ca\/wp-content\/uploads\/2020\/09\/tG3Xwd6w-1200x900.jpeg 1200w, https:\/\/fpglobal.ca\/wp-content\/uploads\/2020\/09\/tG3Xwd6w-1980x1485.jpeg 1980w\" sizes=\"auto, (max-width: 2016px) 100vw, 2016px\" \/><\/figure>\r\n<h3>Deri\u00e9 Sfida<\/h3>\r\n<p>Partecipa enco te \u00e0 nouhe sfide su le social e betta-te en contatte avou\u00eb d\u2019otre patoisant(e) et cice que predgon d\u2019otre lenve francoproven\u00e7ale.<\/p>\r\n<div><a class=\"wp-block-button__link\" href=\"https:\/\/fpglobal.ca\/va\/challenges\/\">Sa\u00ec di p\u00ec<\/a><\/div>\r\n<h3>Betta-te en contatte<\/h3>\r\n<p><a href=\"https:\/\/chat.whatsapp.com\/D5d2kNZaCUs9p4Upzsgo9H\"><img loading=\"lazy\" decoding=\"async\" class=\"wp-image-2130 alignleft\" src=\"https:\/\/fpglobal.ca\/wp-content\/uploads\/2025\/02\/whatsapp_logo.png\" alt=\"\" width=\"46\" height=\"46\" \/><\/a><\/p>\r\n<p><span style=\"color: #fcf2f4; font-family: Inter var, -apple-system, BlinkMacSystemFont, Helvetica Neue, Helvetica, sans-serif; font-size: large;\"><span style=\"caret-color: #fcf2f4; letter-spacing: 0.5625px; text-transform: uppercase; background-color: #bfe6ff;\"><b>\u00a0<a href=\"https:\/\/www.instagram.com\/fpglobalhub?igsh=MW55bjU0MzV4cGE1ZQ==\"><img loading=\"lazy\" decoding=\"async\" class=\"wp-image-2126 alignleft\" src=\"https:\/\/fpglobal.ca\/wp-content\/uploads\/2025\/02\/instagram_logo-1.png\" alt=\"\" width=\"46\" height=\"46\" \/><\/a><a style=\"font-size: 18px; font-weight: bold; letter-spacing: 0.5625px; text-transform: uppercase;\" href=\"https:\/\/www.facebook.com\/profile.php?id=61568305871536\"><img loading=\"lazy\" decoding=\"async\" class=\"alignleft wp-image-2128\" src=\"https:\/\/fpglobal.ca\/wp-content\/uploads\/2025\/02\/facebook_logo.png\" alt=\"\" width=\"46\" height=\"46\" \/><\/a><\/b><\/span><\/span><\/p>\r\n<\/div>\r\n<\/div>\r\n<\/div>\r\n<div class=\"wp-block-column\">\r\n<div class=\"wp-block-group\">\r\n<div class=\"wp-block-group__inner-container\">\r\n<figure class=\"wp-block-image alignfull size-full\"><img loading=\"lazy\" decoding=\"async\" class=\"alignnone size-full wp-image-308\" src=\"http:\/\/fpglobal.ca\/wp-content\/uploads\/2020\/09\/UMnYeszA.jpeg\" alt=\"\" width=\"2016\" height=\"1512\" srcset=\"https:\/\/fpglobal.ca\/wp-content\/uploads\/2020\/09\/UMnYeszA.jpeg 2016w, https:\/\/fpglobal.ca\/wp-content\/uploads\/2020\/09\/UMnYeszA-300x225.jpeg 300w, https:\/\/fpglobal.ca\/wp-content\/uploads\/2020\/09\/UMnYeszA-1024x768.jpeg 1024w, https:\/\/fpglobal.ca\/wp-content\/uploads\/2020\/09\/UMnYeszA-768x576.jpeg 768w, https:\/\/fpglobal.ca\/wp-content\/uploads\/2020\/09\/UMnYeszA-1536x1152.jpeg 1536w, https:\/\/fpglobal.ca\/wp-content\/uploads\/2020\/09\/UMnYeszA-1200x900.jpeg 1200w, https:\/\/fpglobal.ca\/wp-content\/uploads\/2020\/09\/UMnYeszA-1980x1485.jpeg 1980w\" sizes=\"auto, (max-width: 2016px) 100vw, 2016px\" \/><\/figure>\r\n<h3><b>Resourse su lo francoproven\u00e7ale<\/b><\/h3>\r\n<p>Apren coutsouza de nuo su lo francoproven\u00e7ale:<\/p>\r\n<div><a class=\"wp-block-button__link\" href=\"https:\/\/fpglobal.ca\/va\/resources\/\">Sa\u00ec di p\u00ec<\/a><\/div>\r\n<div>\r\n<h3>Lo francoproven\u00e7ale dan lo mond<\/h3>\r\n<p>Te te si dzam\u00ec demand\u00f2 yeui on predge francoproven\u00e7ale? Aitja la carta ce des\u00f2. Le poueun nea son le r\u00e9jon avou\u00eb de dzi que predgon francoproven\u00e7ale e le poueun rodzo le partner de #FPGlobal.<\/p>\r\n<p><img loading=\"lazy\" decoding=\"async\" class=\"alignnone  wp-image-267\" src=\"https:\/\/fpglobal.ca\/wp-content\/uploads\/2020\/09\/GlobalFP_map1-300x108.png\" alt=\"\" width=\"422\" height=\"152\" srcset=\"https:\/\/fpglobal.ca\/wp-content\/uploads\/2020\/09\/GlobalFP_map1-300x108.png 300w, https:\/\/fpglobal.ca\/wp-content\/uploads\/2020\/09\/GlobalFP_map1-1024x369.png 1024w, https:\/\/fpglobal.ca\/wp-content\/uploads\/2020\/09\/GlobalFP_map1-768x277.png 768w, https:\/\/fpglobal.ca\/wp-content\/uploads\/2020\/09\/GlobalFP_map1-1536x554.png 1536w, https:\/\/fpglobal.ca\/wp-content\/uploads\/2020\/09\/GlobalFP_map1-2048x738.png 2048w, https:\/\/fpglobal.ca\/wp-content\/uploads\/2020\/09\/GlobalFP_map1-1200x433.png 1200w, https:\/\/fpglobal.ca\/wp-content\/uploads\/2020\/09\/GlobalFP_map1-1980x714.png 1980w\" sizes=\"auto, (max-width: 422px) 100vw, 422px\" \/><\/p>\r\n<p>T\u2019\u00e0 voya de nos \u00e9gui\u00e9i \u00e0 tchertch\u00e9i de dzi que predgon francoproven\u00e7ale dan lo mondo? No r\u00e9couiillien eunformach\u00f3n demografique per la documentach\u00f3n e la conservanch\u00f3n.<\/p>\r\n<\/div>\r\n<div><a class=\"wp-block-button__link\" href=\"https:\/\/fpglobal.ca\/va\/contact\/\">Eigia-nos encor t\u00e9<\/a><\/div>\r\n<p><!-- \/wp:gallery --><\/p>\r\n<\/div>\r\n<\/div>\r\n<\/div>\r\n<\/div>","protected":false},"excerpt":{"rendered":"<p>Cen que l\u2019\u00e8 #FPGlobal? Ci site l\u2019\u00e8 et\u00f2 pens\u00f2 per le dzi que llamon predg\u00e9 patou\u00e9 ou que vuolon commenhi\u00e9 \u00e0 lo predg\u00e9. Nouho butte l\u2019\u00e8 de bett\u00e9 eunsemblo de personne avou\u00eb eun \u00e9ritadzo francoproven\u00e7ale que reston den dif\u00e9\u00e8nte partie di mondo. Pe f\u00e9\u00e9 cougneh\u00e9 personne de culture dif\u00e9\u00e8nte, no voulen predg\u00e9 de bague de&hellip;<\/p>\n","protected":false},"author":1,"featured_media":1324,"parent":0,"menu_order":0,"comment_status":"closed","ping_status":"closed","template":"","meta":{"footnotes":""},"class_list":["post-6","page","type-page","status-publish","has-post-thumbnail","hentry"],"translation":{"provider":"WPGlobus","version":"3.0.0","language":"va","enabled_languages":["fr","it","ft","va","en"],"languages":{"fr":{"title":true,"content":true,"excerpt":false},"it":{"title":true,"content":true,"excerpt":false},"ft":{"title":true,"content":true,"excerpt":false},"va":{"title":true,"content":true,"excerpt":false},"en":{"title":true,"content":true,"excerpt":false}}},"_links":{"self":[{"href":"https:\/\/fpglobal.ca\/va\/wp-json\/wp\/v2\/pages\/6","targetHints":{"allow":["GET"]}}],"collection":[{"href":"https:\/\/fpglobal.ca\/va\/wp-json\/wp\/v2\/pages"}],"about":[{"href":"https:\/\/fpglobal.ca\/va\/wp-json\/wp\/v2\/types\/page"}],"author":[{"embeddable":true,"href":"https:\/\/fpglobal.ca\/va\/wp-json\/wp\/v2\/users\/1"}],"replies":[{"embeddable":true,"href":"https:\/\/fpglobal.ca\/va\/wp-json\/wp\/v2\/comments?post=6"}],"version-history":[{"count":319,"href":"https:\/\/fpglobal.ca\/va\/wp-json\/wp\/v2\/pages\/6\/revisions"}],"predecessor-version":[{"id":3344,"href":"https:\/\/fpglobal.ca\/va\/wp-json\/wp\/v2\/pages\/6\/revisions\/3344"}],"wp:featuredmedia":[{"embeddable":true,"href":"https:\/\/fpglobal.ca\/va\/wp-json\/wp\/v2\/media\/1324"}],"wp:attachment":[{"href":"https:\/\/fpglobal.ca\/va\/wp-json\/wp\/v2\/media?parent=6"}],"curies":[{"name":"wp","href":"https:\/\/api.w.org\/{rel}","templated":true}]}}