{"id":8,"date":"2020-07-20T22:57:04","date_gmt":"2020-07-20T22:57:04","guid":{"rendered":"http:\/\/127.0.0.1\/wp\/?page_id=8"},"modified":"2026-02-03T22:02:14","modified_gmt":"2026-02-03T22:02:14","slug":"contact","status":"publish","type":"page","link":"https:\/\/fpglobal.ca\/ft\/contact\/","title":{"rendered":"Cuntatte"},"content":{"rendered":"<!--[if lt IE 9]><script>document.createElement('audio');<\/script><![endif]-->\n<audio class=\"wp-audio-shortcode\" id=\"audio-8-1\" preload=\"none\" style=\"width: 100%;\" controls=\"controls\"><source type=\"audio\/wav\" src=\"https:\/\/fpglobal.ca\/wp-content\/uploads\/2024\/09\/concetta_htags1_contatti_clip1.wav?_=1\" \/><a href=\"https:\/\/fpglobal.ca\/wp-content\/uploads\/2024\/09\/concetta_htags1_contatti_clip1.wav\">https:\/\/fpglobal.ca\/wp-content\/uploads\/2024\/09\/concetta_htags1_contatti_clip1.wav<\/a><\/audio>\n\n<div class=\"wpcf7 no-js\" id=\"wpcf7-f2783-o1\" lang=\"en-US\" dir=\"ltr\" data-wpcf7-id=\"2783\">\n<div class=\"screen-reader-response\"><p role=\"status\" aria-live=\"polite\" aria-atomic=\"true\"><\/p> <ul><\/ul><\/div>\n<form action=\"\/ft\/wp-json\/wp\/v2\/pages\/8#wpcf7-f2783-o1\" method=\"post\" class=\"wpcf7-form init\" aria-label=\"Contact form\" novalidate=\"novalidate\" data-status=\"init\">\n<fieldset class=\"hidden-fields-container\"><input type=\"hidden\" name=\"_wpcf7\" value=\"2783\" \/><input type=\"hidden\" name=\"_wpcf7_version\" value=\"6.1.1\" \/><input type=\"hidden\" name=\"_wpcf7_locale\" value=\"en_US\" \/><input type=\"hidden\" name=\"_wpcf7_unit_tag\" value=\"wpcf7-f2783-o1\" \/><input type=\"hidden\" name=\"_wpcf7_container_post\" value=\"0\" \/><input type=\"hidden\" name=\"_wpcf7_posted_data_hash\" value=\"\" \/>\n<\/fieldset>\n<p><label> Lu nun e cugn\u00f9nne tinne<br \/>\n<span class=\"wpcf7-form-control-wrap\" data-name=\"your-name\"><input size=\"40\" maxlength=\"400\" class=\"wpcf7-form-control wpcf7-text wpcf7-validates-as-required\" autocomplete=\"name\" aria-required=\"true\" aria-invalid=\"false\" value=\"\" type=\"text\" name=\"your-name\" \/><\/span> <\/label>\n<\/p>\n<p><label> Lu 'nd\u00e9rizze m\u00e8il tinne<br \/>\n<span class=\"wpcf7-form-control-wrap\" data-name=\"your-email\"><input size=\"40\" maxlength=\"400\" class=\"wpcf7-form-control wpcf7-email wpcf7-validates-as-required wpcf7-text wpcf7-validates-as-email\" autocomplete=\"email\" aria-required=\"true\" aria-invalid=\"false\" value=\"\" type=\"email\" name=\"your-email\" \/><\/span> <\/label>\n<\/p>\n<p><label> I parle de...<br \/>\n<span class=\"wpcf7-form-control-wrap\" data-name=\"your-subject\"><input size=\"40\" maxlength=\"400\" class=\"wpcf7-form-control wpcf7-text wpcf7-validates-as-required\" aria-required=\"true\" aria-invalid=\"false\" value=\"\" type=\"text\" name=\"your-subject\" \/><\/span> <\/label>\n<\/p>\n<p><label> T\u00f3cche te u\u00f2 scrije (te puo cap\u00e0)<br \/>\n<span class=\"wpcf7-form-control-wrap\" data-name=\"your-message\"><textarea cols=\"40\" rows=\"10\" maxlength=\"2000\" class=\"wpcf7-form-control wpcf7-textarea\" aria-invalid=\"false\" name=\"your-message\"><\/textarea><\/span> <\/label>\n<\/p>\n<p><input class=\"wpcf7-form-control wpcf7-submit has-spinner\" type=\"submit\" value=\"Mann\u00e0\" \/>\n<\/p><p style=\"display: none !important;\" class=\"akismet-fields-container\" data-prefix=\"_wpcf7_ak_\"><label>&#916;<textarea name=\"_wpcf7_ak_hp_textarea\" cols=\"45\" rows=\"8\" maxlength=\"100\"><\/textarea><\/label><input type=\"hidden\" id=\"ak_js_1\" name=\"_wpcf7_ak_js\" value=\"99\"\/><script>document.getElementById( \"ak_js_1\" ).setAttribute( \"value\", ( new Date() ).getTime() );<\/script><\/p><div class=\"wpcf7-response-output\" aria-hidden=\"true\"><\/div>\n<\/form>\n<\/div>\n\n<p>Oppure scrije la dum\u00e0nde tinne &#8216;nghi\u00f2cche lo social media:<\/p>\n<ul>\n<li><a href=\"https:\/\/chat.whatsapp.com\/invite\/LBv4xarymQ4G1QiZzSpnAk\"><img loading=\"lazy\" decoding=\"async\" class=\"alignleft wp-image-2130\" src=\"https:\/\/fpglobal.ca\/wp-content\/uploads\/2025\/02\/whatsapp_logo.png\" alt=\"\" width=\"46\" height=\"46\" \/><\/a><a href=\"https:\/\/www.facebook.com\/profile.php?id=61568305871536\"><img loading=\"lazy\" decoding=\"async\" class=\"alignleft wp-image-2128\" src=\"https:\/\/fpglobal.ca\/wp-content\/uploads\/2025\/02\/facebook_logo.png\" alt=\"\" width=\"47\" height=\"47\" \/><\/a><a href=\"https:\/\/www.instagram.com\/fpglobalhub?igsh=MW55bjU0MzV4cGE1ZQ==\"><img loading=\"lazy\" decoding=\"async\" class=\"alignleft wp-image-2126\" src=\"https:\/\/fpglobal.ca\/wp-content\/uploads\/2025\/02\/instagram_logo-1.png\" alt=\"\" width=\"47\" height=\"46\" \/><\/a><\/li>\n<\/ul>\n","protected":false},"excerpt":{"rendered":"<p>Oppure scrije la dum\u00e0nde tinne &#8216;nghi\u00f2cche lo social media:<\/p>\n","protected":false},"author":1,"featured_media":0,"parent":0,"menu_order":0,"comment_status":"closed","ping_status":"closed","template":"","meta":{"footnotes":""},"class_list":["post-8","page","type-page","status-publish","hentry"],"translation":{"provider":"WPGlobus","version":"3.0.0","language":"ft","enabled_languages":["fr","it","ft","va","en"],"languages":{"fr":{"title":true,"content":true,"excerpt":false},"it":{"title":true,"content":true,"excerpt":false},"ft":{"title":true,"content":true,"excerpt":false},"va":{"title":true,"content":true,"excerpt":false},"en":{"title":true,"content":true,"excerpt":false}}},"_links":{"self":[{"href":"https:\/\/fpglobal.ca\/ft\/wp-json\/wp\/v2\/pages\/8","targetHints":{"allow":["GET"]}}],"collection":[{"href":"https:\/\/fpglobal.ca\/ft\/wp-json\/wp\/v2\/pages"}],"about":[{"href":"https:\/\/fpglobal.ca\/ft\/wp-json\/wp\/v2\/types\/page"}],"author":[{"embeddable":true,"href":"https:\/\/fpglobal.ca\/ft\/wp-json\/wp\/v2\/users\/1"}],"replies":[{"embeddable":true,"href":"https:\/\/fpglobal.ca\/ft\/wp-json\/wp\/v2\/comments?post=8"}],"version-history":[{"count":43,"href":"https:\/\/fpglobal.ca\/ft\/wp-json\/wp\/v2\/pages\/8\/revisions"}],"predecessor-version":[{"id":2545,"href":"https:\/\/fpglobal.ca\/ft\/wp-json\/wp\/v2\/pages\/8\/revisions\/2545"}],"wp:attachment":[{"href":"https:\/\/fpglobal.ca\/ft\/wp-json\/wp\/v2\/media?parent=8"}],"curies":[{"name":"wp","href":"https:\/\/api.w.org\/{rel}","templated":true}]}}